{"id":95,"date":"2018-03-26T10:50:32","date_gmt":"2018-03-26T10:50:32","guid":{"rendered":"https:\/\/montessori-superhelden.de\/?page_id=95"},"modified":"2018-03-26T11:03:56","modified_gmt":"2018-03-26T11:03:56","slug":"cookie-policy","status":"publish","type":"page","link":"https:\/\/montessori-superhelden.de\/?page_id=95","title":{"rendered":"Datenschutz"},"content":{"rendered":"<p><strong>Datenschutzerkl\u00e4rung<\/strong><\/p>\n<p>Montessori-Superhelden.de &#8211; Inh. Nicole Preisegger, Agnes-Schwanfelder-Str. 1, D-96050 Bamberg freut sich \u00fcber Ihren Besuch auf unserer Webseite und Ihr Interesse an unseren Produkten. Der Schutz Ihrer personenbezogenen Daten bei der Verarbeitung w\u00e4hrend des gesamten Gesch\u00e4ftsprozesses ist f\u00fcr uns ein wichtiges Anliegen und wir m\u00f6chten, dass Sie sich beim Besuch unserer Internetseiten sicher f\u00fchlen. Nachstehend informieren wir Sie ausf\u00fchrlich \u00fcber den Umgang mit Ihren Daten.<\/p>\n<p><strong>Speicherung von Zugriffsdaten in Server-Logfiles<\/strong><\/p>\n<p>Sie k\u00f6nnen unsere Webseiten besuchen, ohne Angaben zu Ihrer Person zu machen. Wir speichern lediglich Zugriffsdaten in sogenannten Server-Logfiles, wie z.B. den Namen der angeforderten Datei, Datum und Uhrzeit des Abrufs, \u00fcbertragene Datenmenge und den anfragenden Provider. Diese Daten werden ausschlie\u00dflich zur Sicherstellung eines st\u00f6rungsfreien Betriebs der Seite und zur Verbesserung unseres Angebots ausgewertet und erlauben uns keinen R\u00fcckschluss auf Ihre Person.<\/p>\n<p><strong>Datenerhebung und -verwendung zur Vertragsabwicklung<\/strong><\/p>\n<p>Wir erheben personenbezogene Daten, wenn Sie uns diese im Rahmen Ihrer Bestellung oder bei einer Kontaktaufnahme mit uns (z.B. per Kontaktformular oder E-Mail) freiwillig mitteilen. Welche Daten erhoben werden, ist aus den jeweiligen Eingabeformularen ersichtlich. Wir verwenden die von Ihnen mitgeteilten Daten zur Vertragsabwicklung und Bearbeitung Ihrer Anfragen. Nach vollst\u00e4ndiger Abwicklung des Vertrages werden Ihre Daten f\u00fcr die weitere Verwendung gesperrt und nach Ablauf der steuer- und handelsrechtlichen Aufbewahrungsfristen gel\u00f6scht, sofern Sie nicht ausdr\u00fccklich in eine weitere Nutzung Ihrer Daten eingewilligt haben oder wir uns eine dar\u00fcber hinausgehende Datenverwendung vorbehalten, die gesetzlich erlaubt ist und \u00fcber die wir Sie nachstehend informieren.<\/p>\n<p><strong>Datenverwendung bei Anmeldung zum E-Mail-Newsletter<\/strong><\/p>\n<p>Wenn Sie sich zu unserem Newsletter anmelden, verwenden wir die hierf\u00fcr erforderlichen oder gesondert von Ihnen mitgeteilten Daten, um Ihnen regelm\u00e4\u00dfig unseren E-Mail-Newsletter entsprechend Ihrer Einwilligung zuzusenden. Die Abmeldung vom Newsletter ist jederzeit m\u00f6glich und kann entweder durch eine Nachricht an die unten beschriebene Kontaktm\u00f6glichkeit oder \u00fcber einen daf\u00fcr vorgesehenen Link im Newsletter erfolgen.<\/p>\n<p><strong>Datenverwendung f\u00fcr Postwerbung und Ihr Widerspruchsrecht<\/strong><\/p>\n<p>Dar\u00fcber hinaus behalten wir uns vor, Ihren Vor- und Nachnamen, Ihre Postanschrift und &#8211; soweit wir diese zus\u00e4tzlichen Angaben im Rahmen der Vertragsbeziehung von Ihnen erhalten haben &#8211; Ihren Titel, akademischen Grad, Ihr Geburtsjahr und Ihre Berufs-, Branchen- oder Gesch\u00e4ftsbezeichnung in zusammengefassten Listen zu speichern und f\u00fcr eigene Werbezwecke zu nutzen, z.B. zur Zusendung von interessanten Angeboten und Informationen zu unseren Produkten per Briefpost. Sie k\u00f6nnen der Speicherung und Verwendung Ihrer Daten zu diesen Zwecken jederzeit durch eine Nachricht an die unten beschriebene Kontaktm\u00f6glichkeit widersprechen.<\/p>\n<p><strong>Verwendung von Cookies<\/strong><\/p>\n<p>Um den Besuch unserer Website attraktiv zu gestalten und die Nutzung bestimmter Funktionen zu erm\u00f6glichen, verwenden wir sogenannte Cookies. Hierbei handelt es sich um kleine Textdateien, die auf Ihrem Endger\u00e4t gespeichert werden. Einige der von uns verwendeten Cookies werden nach Ende der Browser-Sitzung, also nach Schlie\u00dfen Ihres Browsers, wieder gel\u00f6scht (sog. Sitzungs-Cookies). Andere Cookies verbleiben auf Ihrem Endger\u00e4t und erm\u00f6glichen uns, Ihren Browser beim n\u00e4chsten Besuch wiederzuerkennen (persistente Cookies). Sie k\u00f6nnen Ihren Browser so einstellen, dass Sie \u00fcber das Setzen von Cookies informiert werden und einzeln \u00fcber deren Annahme entscheiden oder die Annahme von Cookies f\u00fcr bestimmte F\u00e4lle oder generell ausschlie\u00dfen. Bei der Nichtannahme von Cookies kann die Funktionalit\u00e4t unserer Website eingeschr\u00e4nkt sein.<\/p>\n<p><strong>Auskunftsrecht und Kontaktm\u00f6glichkeit<\/strong><\/p>\n<p>Sie haben ein Recht auf unentgeltliche Auskunft \u00fcber die bei uns zu Ihrer Person gespeicherten Daten sowie ggf. ein Recht auf Berichtigung, Sperrung oder L\u00f6schung dieser Daten. Bei Fragen zur Erhebung, Verarbeitung oder Nutzung Ihrer personenbezogenen Daten, bei Ausk\u00fcnften, Berichtigung, Sperrung oder L\u00f6schung von Daten sowie Widerruf erteilter Einwilligungen oder Widerspruch gegen eine bestimmte Datenverwendung wenden Sie sich bitte direkt an uns \u00fcber die Kontaktdaten in unserem Impressum.<\/p>\n<p>Stand: 26.03.2018<\/p>\n","protected":false},"excerpt":{"rendered":"<p>Datenschutzerkl\u00e4rung Montessori-Superhelden.de &#8211; Inh. Nicole Preisegger, Agnes-Schwanfelder-Str. 1, D-96050 Bamberg freut sich \u00fcber Ihren Besuch auf unserer Webseite und Ihr Interesse an unseren Produkten. Der Schutz Ihrer personenbezogenen Daten bei der Verarbeitung w\u00e4hrend des gesamten Gesch\u00e4ftsprozesses ist f\u00fcr uns ein wichtiges Anliegen und wir m\u00f6chten, dass Sie sich beim Besuch unserer Internetseiten sicher f\u00fchlen. Nachstehend &hellip; <\/p>\n<p class=\"link-more\"><a href=\"https:\/\/montessori-superhelden.de\/?page_id=95\" class=\"more-link\"><span class=\"screen-reader-text\">\u201eDatenschutz\u201c<\/span> weiterlesen<\/a><\/p>\n","protected":false},"author":1,"featured_media":0,"parent":0,"menu_order":0,"comment_status":"closed","ping_status":"closed","template":"","meta":{"footnotes":""},"class_list":["post-95","page","type-page","status-publish","hentry"],"_links":{"self":[{"href":"https:\/\/montessori-superhelden.de\/index.php?rest_route=\/wp\/v2\/pages\/95","targetHints":{"allow":["GET"]}}],"collection":[{"href":"https:\/\/montessori-superhelden.de\/index.php?rest_route=\/wp\/v2\/pages"}],"about":[{"href":"https:\/\/montessori-superhelden.de\/index.php?rest_route=\/wp\/v2\/types\/page"}],"author":[{"embeddable":true,"href":"https:\/\/montessori-superhelden.de\/index.php?rest_route=\/wp\/v2\/users\/1"}],"replies":[{"embeddable":true,"href":"https:\/\/montessori-superhelden.de\/index.php?rest_route=%2Fwp%2Fv2%2Fcomments&post=95"}],"version-history":[{"count":2,"href":"https:\/\/montessori-superhelden.de\/index.php?rest_route=\/wp\/v2\/pages\/95\/revisions"}],"predecessor-version":[{"id":97,"href":"https:\/\/montessori-superhelden.de\/index.php?rest_route=\/wp\/v2\/pages\/95\/revisions\/97"}],"wp:attachment":[{"href":"https:\/\/montessori-superhelden.de\/index.php?rest_route=%2Fwp%2Fv2%2Fmedia&parent=95"}],"curies":[{"name":"wp","href":"https:\/\/api.w.org\/{rel}","templated":true}]}}