{"id":2,"date":"2016-05-10T03:48:21","date_gmt":"2016-05-10T03:48:21","guid":{"rendered":"https:\/\/montessori-superhelden.de\/?page_id=2"},"modified":"2017-11-30T07:56:56","modified_gmt":"2017-11-30T07:56:56","slug":"sample-page","status":"publish","type":"page","link":"https:\/\/montessori-superhelden.de\/","title":{"rendered":"Wer ist der Montessori-Ober-Superheld?"},"content":{"rendered":"<p><img loading=\"lazy\" decoding=\"async\" class=\"alignleft size-thumbnail wp-image-72\" src=\"https:\/\/montessori-superhelden.de\/wp-content\/uploads\/2017\/11\/icon-montessori-superhelden-150x150.png\" alt=\"Montessori Superhelden Logo\" width=\"150\" height=\"150\" srcset=\"https:\/\/montessori-superhelden.de\/wp-content\/uploads\/2017\/11\/icon-montessori-superhelden-150x150.png 150w, https:\/\/montessori-superhelden.de\/wp-content\/uploads\/2017\/11\/icon-montessori-superhelden-100x100.png 100w\" sizes=\"auto, (max-width: 150px) 100vw, 150px\" \/>Da brauchen wir nicht lange dar\u00fcber reden. Klar bist du schon ziemlich nahe am Ober-Superhelden, aber eben nur knapp. Die ungekr\u00f6nte <strong>Ober-Superheldin ist nat\u00fcrlich Dr. Maria Montessori<\/strong> selbst. Auch wenn dieser Ehrentitel ihr erst &#8211; posthum &#8211; \u00fcber 100 Jahre nach Einf\u00fchrung ihrer Methode verliehen wird. Viele Kinder wussten bereits weit vorher um ihre p\u00e4dagogischen Superkr\u00e4fte.<\/p>\n","protected":false},"excerpt":{"rendered":"<p>Da brauchen wir nicht lange dar\u00fcber reden. Klar bist du schon ziemlich nahe am Ober-Superhelden, aber eben nur knapp. Die ungekr\u00f6nte Ober-Superheldin ist nat\u00fcrlich Dr. Maria Montessori selbst. Auch wenn dieser Ehrentitel ihr erst &#8211; posthum &#8211; \u00fcber 100 Jahre nach Einf\u00fchrung ihrer Methode verliehen wird. Viele Kinder wussten bereits weit vorher um ihre p\u00e4dagogischen &hellip; <\/p>\n<p class=\"link-more\"><a href=\"https:\/\/montessori-superhelden.de\/\" class=\"more-link\"><span class=\"screen-reader-text\">\u201eWer ist der Montessori-Ober-Superheld?\u201c<\/span> weiterlesen<\/a><\/p>\n","protected":false},"author":1,"featured_media":0,"parent":0,"menu_order":0,"comment_status":"closed","ping_status":"open","template":"","meta":{"footnotes":""},"class_list":["post-2","page","type-page","status-publish","hentry"],"_links":{"self":[{"href":"https:\/\/montessori-superhelden.de\/index.php?rest_route=\/wp\/v2\/pages\/2","targetHints":{"allow":["GET"]}}],"collection":[{"href":"https:\/\/montessori-superhelden.de\/index.php?rest_route=\/wp\/v2\/pages"}],"about":[{"href":"https:\/\/montessori-superhelden.de\/index.php?rest_route=\/wp\/v2\/types\/page"}],"author":[{"embeddable":true,"href":"https:\/\/montessori-superhelden.de\/index.php?rest_route=\/wp\/v2\/users\/1"}],"replies":[{"embeddable":true,"href":"https:\/\/montessori-superhelden.de\/index.php?rest_route=%2Fwp%2Fv2%2Fcomments&post=2"}],"version-history":[{"count":4,"href":"https:\/\/montessori-superhelden.de\/index.php?rest_route=\/wp\/v2\/pages\/2\/revisions"}],"predecessor-version":[{"id":73,"href":"https:\/\/montessori-superhelden.de\/index.php?rest_route=\/wp\/v2\/pages\/2\/revisions\/73"}],"wp:attachment":[{"href":"https:\/\/montessori-superhelden.de\/index.php?rest_route=%2Fwp%2Fv2%2Fmedia&parent=2"}],"curies":[{"name":"wp","href":"https:\/\/api.w.org\/{rel}","templated":true}]}}